{"id":1334,"date":"2022-08-28T20:40:10","date_gmt":"2022-08-28T20:40:10","guid":{"rendered":"https:\/\/cinesthesie.fr\/?page_id=1334"},"modified":"2023-01-05T21:05:18","modified_gmt":"2023-01-05T21:05:18","slug":"1334-2","status":"publish","type":"page","link":"https:\/\/cinesthesie.fr\/?page_id=1334","title":{"rendered":"R\u00e8glement"},"content":{"rendered":"\t\t<div data-elementor-type=\"wp-page\" data-elementor-id=\"1334\" class=\"elementor elementor-1334\">\n\t\t\t\t\t\t<section class=\"elementor-section elementor-top-section elementor-element elementor-element-181dc3cb elementor-section-stretched elementor-section-boxed elementor-section-height-default elementor-section-height-default\" data-id=\"181dc3cb\" data-element_type=\"section\" data-settings=\"{&quot;stretch_section&quot;:&quot;section-stretched&quot;}\">\n\t\t\t\t\t\t<div class=\"elementor-container elementor-column-gap-default\">\n\t\t\t\t\t<div class=\"elementor-column elementor-col-100 elementor-top-column elementor-element elementor-element-63c2e8be\" data-id=\"63c2e8be\" data-element_type=\"column\">\n\t\t\t<div class=\"elementor-widget-wrap elementor-element-populated\">\n\t\t\t\t\t\t<div class=\"elementor-element elementor-element-4b61e315 elementor-widget elementor-widget-text-editor\" data-id=\"4b61e315\" data-element_type=\"widget\" data-widget_type=\"text-editor.default\">\n\t\t\t\t<div class=\"elementor-widget-container\">\n\t\t\t<style>\/*! elementor - v3.21.0 - 25-04-2024 *\/\n.elementor-widget-text-editor.elementor-drop-cap-view-stacked .elementor-drop-cap{background-color:#69727d;color:#fff}.elementor-widget-text-editor.elementor-drop-cap-view-framed .elementor-drop-cap{color:#69727d;border:3px solid;background-color:transparent}.elementor-widget-text-editor:not(.elementor-drop-cap-view-default) .elementor-drop-cap{margin-top:8px}.elementor-widget-text-editor:not(.elementor-drop-cap-view-default) .elementor-drop-cap-letter{width:1em;height:1em}.elementor-widget-text-editor .elementor-drop-cap{float:left;text-align:center;line-height:1;font-size:50px}.elementor-widget-text-editor .elementor-drop-cap-letter{display:inline-block}<\/style>\t\t\t\t<h2><strong>Article 1 : Inscriptions<\/strong><\/h2><ul><li>Les inscriptions seront ouvertes du 1er d\u00e9cembre 2022 au 15 mai 2023. La seule<br \/>mani\u00e8re valide de s\u2019inscrire est de remplir le formulaire directement sur notre site.<\/li><\/ul><h2><strong>Article <\/strong><strong>2 : Participants et droits<\/strong><\/h2><ul><li>\u00a0Les participants doivent \u00eatre \u00e2g\u00e9s de plus de 14 ans.<\/li><\/ul><ul><li>Les participants certifient nous octroyer leur droit \u00e0 l\u2019image ainsi que celui de toutes<br \/>les personnes pr\u00e9sentes dans le court-m\u00e9trage.<\/li><\/ul><ul><li>\u00a0Les participants garantissent que les \u0153uvres propos\u00e9es sont originales, in\u00e9dites et<br \/>qu&rsquo;ils sont seuls d\u00e9tenteurs des droits d\u2019exploitation attach\u00e9s \u00e0 ces \u0153uvres. Ils se<br \/>portent responsables contre tous recours, actions ou r\u00e9clamations que pourrait former<br \/>un tiers qui a particip\u00e9 \u00e0 l\u2019\u00e9laboration de la production.<\/li><\/ul><ul><li>Les participants nous certifient le droit de diffuser ce court-m\u00e9trage devant un public<br \/>lors de la finale le 10 juin 2023. Cela signifie qu&rsquo;ils nous accordent les droits de diffusion sur leur m\u00e9trage jusqu&rsquo;au jour de la finale inclus.<\/li><\/ul><h2><strong>Article 3 : Modalit\u00e9s de participation<\/strong><\/h2><ul><li>La participation \u00e0 ce concours est gratuite.<\/li><\/ul><ul><li>L\u2019inscription peut se faire seul(e) comme \u00e0 plusieurs. Cependant il n\u2019y aura qu\u2019une<br \/>seule r\u00e9compense par production.<\/li><\/ul><ul><li>Les court m\u00e9trages doivent \u00eatre en fran\u00e7ais ou, au minimum, sous-titr\u00e9s en fran\u00e7ais.<\/li><\/ul><ul><li>Les participants doivent fournir leur production avant le 15 mai 2023.<\/li><\/ul><ul><li>Les moyens techniques minimum requis sont :<br \/>&#8211; Image : 720p &#8211; 24 images par seconde<br \/>&#8211; Son : Son st\u00e9r\u00e9o &#8211; 122 kbits\/sec<\/li><\/ul><ul><li>Toutes les techniques de production sont accept\u00e9es, mais le court-m\u00e9trage doit \u00eatre<br \/>encod\u00e9 en num\u00e9rique.<\/li><\/ul><ul><li>La dur\u00e9e du court m\u00e9trage doit \u00eatre inf\u00e9rieure ou \u00e9gale \u00e0 15 minutes, g\u00e9n\u00e9riques<br \/>inclus.<\/li><\/ul><h2><strong>Article 4 : S\u00e9lection des finalistes et laur\u00e9ats<\/strong><\/h2><ul><li>Les organisateurs pr\u00e9s\u00e9lectionneront cinq finalistes qui seront repr\u00e9sent\u00e9s lors d\u2019une<br \/>soir\u00e9e constituant la finale qui aura lieu au cin\u00e9ma Bonne Garde le 10 juin 2023 et au cours de laquelle le jury d\u00e9terminera le vainqueur. Ces finalistes, en s&rsquo;\u00e9tant inscrit \u00e0 ce concours, s&rsquo;engagent \u00e0 venir pr\u00e9senter physiquement leur projet le 10 juin.<\/li><\/ul><ul><li>Le jury n\u2019est pas oblig\u00e9 de d\u00e9signer de laur\u00e9at si la qualit\u00e9 des \u0153uvres propos\u00e9es<br \/>par les participants n\u2019est pas jug\u00e9e ad\u00e9quate.<\/li><\/ul>\t\t\t\t\t\t<\/div>\n\t\t\t\t<\/div>\n\t\t\t\t\t<\/div>\n\t\t<\/div>\n\t\t\t\t\t<\/div>\n\t\t<\/section>\n\t\t\t\t<\/div>\n\t\t","protected":false},"excerpt":{"rendered":"<p>Article 1 : Inscriptions Les inscriptions seront ouvertes du 1er d\u00e9cembre 2022 au 15 mai 2023. La seulemani\u00e8re valide de s\u2019inscrire est de remplir le formulaire directement sur notre site. Article 2 : Participants et droits \u00a0Les participants doivent \u00eatre \u00e2g\u00e9s de plus de 14 ans. Les participants certifient nous octroyer leur droit \u00e0 l\u2019image [&hellip;]<\/p>\n","protected":false},"author":1,"featured_media":0,"parent":0,"menu_order":0,"comment_status":"closed","ping_status":"closed","template":"","meta":{"footnotes":""},"_links":{"self":[{"href":"https:\/\/cinesthesie.fr\/index.php?rest_route=\/wp\/v2\/pages\/1334"}],"collection":[{"href":"https:\/\/cinesthesie.fr\/index.php?rest_route=\/wp\/v2\/pages"}],"about":[{"href":"https:\/\/cinesthesie.fr\/index.php?rest_route=\/wp\/v2\/types\/page"}],"author":[{"embeddable":true,"href":"https:\/\/cinesthesie.fr\/index.php?rest_route=\/wp\/v2\/users\/1"}],"replies":[{"embeddable":true,"href":"https:\/\/cinesthesie.fr\/index.php?rest_route=%2Fwp%2Fv2%2Fcomments&post=1334"}],"version-history":[{"count":35,"href":"https:\/\/cinesthesie.fr\/index.php?rest_route=\/wp\/v2\/pages\/1334\/revisions"}],"predecessor-version":[{"id":1953,"href":"https:\/\/cinesthesie.fr\/index.php?rest_route=\/wp\/v2\/pages\/1334\/revisions\/1953"}],"wp:attachment":[{"href":"https:\/\/cinesthesie.fr\/index.php?rest_route=%2Fwp%2Fv2%2Fmedia&parent=1334"}],"curies":[{"name":"wp","href":"https:\/\/api.w.org\/{rel}","templated":true}]}}