{"id":2068,"date":"2023-02-24T15:28:21","date_gmt":"2023-02-24T15:28:21","guid":{"rendered":"https:\/\/cinesthesie.fr\/?page_id=2068"},"modified":"2023-02-24T15:29:16","modified_gmt":"2023-02-24T15:29:16","slug":"10-chez-f-44","status":"publish","type":"page","link":"https:\/\/cinesthesie.fr\/?page_id=2068","title":{"rendered":"10% chez f\/44"},"content":{"rendered":"\t\t<div data-elementor-type=\"wp-page\" data-elementor-id=\"2068\" class=\"elementor elementor-2068\">\n\t\t\t\t\t\t<section class=\"elementor-section elementor-top-section elementor-element elementor-element-10c0821 elementor-section-stretched elementor-section-boxed elementor-section-height-default elementor-section-height-default\" data-id=\"10c0821\" data-element_type=\"section\" data-settings=\"{&quot;stretch_section&quot;:&quot;section-stretched&quot;}\">\n\t\t\t\t\t\t<div class=\"elementor-container elementor-column-gap-default\">\n\t\t\t\t\t<div class=\"elementor-column elementor-col-100 elementor-top-column elementor-element elementor-element-9b5cb96\" data-id=\"9b5cb96\" data-element_type=\"column\">\n\t\t\t<div class=\"elementor-widget-wrap elementor-element-populated\">\n\t\t\t\t\t\t<div class=\"elementor-element elementor-element-56b0a27 elementor-widget elementor-widget-text-editor\" data-id=\"56b0a27\" data-element_type=\"widget\" data-widget_type=\"text-editor.default\">\n\t\t\t\t<div class=\"elementor-widget-container\">\n\t\t\t<style>\/*! elementor - v3.21.0 - 25-04-2024 *\/\n.elementor-widget-text-editor.elementor-drop-cap-view-stacked .elementor-drop-cap{background-color:#69727d;color:#fff}.elementor-widget-text-editor.elementor-drop-cap-view-framed .elementor-drop-cap{color:#69727d;border:3px solid;background-color:transparent}.elementor-widget-text-editor:not(.elementor-drop-cap-view-default) .elementor-drop-cap{margin-top:8px}.elementor-widget-text-editor:not(.elementor-drop-cap-view-default) .elementor-drop-cap-letter{width:1em;height:1em}.elementor-widget-text-editor .elementor-drop-cap{float:left;text-align:center;line-height:1;font-size:50px}.elementor-widget-text-editor .elementor-drop-cap-letter{display:inline-block}<\/style>\t\t\t\t<h2 style=\"text-align: center;\"><span style=\"font-size: 4.8rem; letter-spacing: -0.0415625em;\">Besoi<\/span><span style=\"font-size: 4.8rem; letter-spacing: -0.0415625em;\">n de mat\u00e9riel professionnel ?<\/span><\/h2><div>Gr\u00e2ce \u00e0 notre partenaire <a href=\"https:\/\/www.f44location.com\/\" target=\"_blank\" rel=\"noopener\">f\/44 Location<\/a>, tu peux b\u00e9n\u00e9ficier d&rsquo;un code de r\u00e9duction exclusif au concours Cin\u00e9sth\u00e9sie !<\/div><div>Si tu veux produire un m\u00e9trage \u00e0 cette occasion, <a href=\"https:\/\/www.f44location.com\/\" target=\"_blank\" rel=\"noopener\">f\/44<\/a> t&rsquo;accorde 10% de r\u00e9duction sur tout leur mat\u00e9riel professionnel* !<\/div><div>\u00a0<\/div><div>Nous t&rsquo;enverrons ce code par mail lors de ton inscription, et tu n&rsquo;auras qu&rsquo;\u00e0 le pr\u00e9senter en magasin pour profiter de cet avantage.<\/div><div><a href=\"https:\/\/www.f44location.com\/\" target=\"_blank\" rel=\"noopener\"><img fetchpriority=\"high\" decoding=\"async\" class=\"alignnone wp-image-1847 size-full\" src=\"https:\/\/cinesthesie.fr\/wp-content\/uploads\/2022\/12\/Visuel-site-2_2.png\" alt=\"\" width=\"500\" height=\"275\" srcset=\"https:\/\/cinesthesie.fr\/wp-content\/uploads\/2022\/12\/Visuel-site-2_2.png 500w, https:\/\/cinesthesie.fr\/wp-content\/uploads\/2022\/12\/Visuel-site-2_2-300x165.png 300w\" sizes=\"(max-width: 500px) 100vw, 500px\" \/><\/a><\/div><div>\u00a0<\/div><div><em>*sous r\u00e9serve de disponibilit\u00e9<\/em><\/div>\t\t\t\t\t\t<\/div>\n\t\t\t\t<\/div>\n\t\t\t\t\t<\/div>\n\t\t<\/div>\n\t\t\t\t\t<\/div>\n\t\t<\/section>\n\t\t\t\t<\/div>\n\t\t","protected":false},"excerpt":{"rendered":"<p>Besoin de mat\u00e9riel professionnel ? Gr\u00e2ce \u00e0 notre partenaire f\/44 Location, tu peux b\u00e9n\u00e9ficier d&rsquo;un code de r\u00e9duction exclusif au concours Cin\u00e9sth\u00e9sie !Si tu veux produire un m\u00e9trage \u00e0 cette occasion, f\/44 t&rsquo;accorde 10% de r\u00e9duction sur tout leur mat\u00e9riel professionnel* !\u00a0Nous t&rsquo;enverrons ce code par mail lors de ton inscription, et tu n&rsquo;auras qu&rsquo;\u00e0 [&hellip;]<\/p>\n","protected":false},"author":1,"featured_media":0,"parent":0,"menu_order":0,"comment_status":"closed","ping_status":"closed","template":"","meta":{"footnotes":""},"_links":{"self":[{"href":"https:\/\/cinesthesie.fr\/index.php?rest_route=\/wp\/v2\/pages\/2068"}],"collection":[{"href":"https:\/\/cinesthesie.fr\/index.php?rest_route=\/wp\/v2\/pages"}],"about":[{"href":"https:\/\/cinesthesie.fr\/index.php?rest_route=\/wp\/v2\/types\/page"}],"author":[{"embeddable":true,"href":"https:\/\/cinesthesie.fr\/index.php?rest_route=\/wp\/v2\/users\/1"}],"replies":[{"embeddable":true,"href":"https:\/\/cinesthesie.fr\/index.php?rest_route=%2Fwp%2Fv2%2Fcomments&post=2068"}],"version-history":[{"count":4,"href":"https:\/\/cinesthesie.fr\/index.php?rest_route=\/wp\/v2\/pages\/2068\/revisions"}],"predecessor-version":[{"id":2072,"href":"https:\/\/cinesthesie.fr\/index.php?rest_route=\/wp\/v2\/pages\/2068\/revisions\/2072"}],"wp:attachment":[{"href":"https:\/\/cinesthesie.fr\/index.php?rest_route=%2Fwp%2Fv2%2Fmedia&parent=2068"}],"curies":[{"name":"wp","href":"https:\/\/api.w.org\/{rel}","templated":true}]}}